{"id":343,"date":"2021-03-24T12:51:17","date_gmt":"2021-03-24T11:51:17","guid":{"rendered":"https:\/\/patriczeier.de\/?page_id=343"},"modified":"2021-03-24T12:54:00","modified_gmt":"2021-03-24T11:54:00","slug":"impressum","status":"publish","type":"page","link":"https:\/\/patriczeier.de\/?page_id=343","title":{"rendered":"Impressum"},"content":{"rendered":"<p>[et_pb_section fb_built=&#8220;1&#8243; _builder_version=&#8220;4.9.1&#8243; _module_preset=&#8220;default&#8220;][et_pb_row _builder_version=&#8220;4.9.1&#8243; _module_preset=&#8220;default&#8220; hover_enabled=&#8220;0&#8243; sticky_enabled=&#8220;0&#8243;][et_pb_column type=&#8220;4_4&#8243; _builder_version=&#8220;4.9.1&#8243; _module_preset=&#8220;default&#8220;][et_pb_text _builder_version=&#8220;4.9.1&#8243; _module_preset=&#8220;default&#8220; hover_enabled=&#8220;0&#8243; text_font=&#8220;Lato||||||||&#8220; sticky_enabled=&#8220;0&#8243;]<\/p>\n<h1 class=\"entry-title main_title\">Impressum<\/h1>\n<div class=\"entry-content\">\n<p>Patric Zeier<br \/>Inhaber des Unternehmens: Patric Zeier<br \/>Friedrichstra\u00dfe 21<br \/>80801 M\u00fcnchen<br \/>Deutschland<br \/>E-Mail-Adresse: <a href=\"mailto:info@projectcoaches.de\">info@patriczeier.de<\/a><br \/>Telefonnummer: +49 (0) 15142656362<\/p>\n<p>Verantwortlich f\u00fcr den Inhalt: Patric Zeier<\/p>\n<p>Plattform der Europ\u00e4ischen Kommission zur Online-Streitbeilegung (OS) f\u00fcr Verbraucher: <a href=\"https:\/\/ec.europa.eu\/consumers\/odr\/\" target=\"_blank\" rel=\"noopener\">https:\/\/ec.europa.eu\/consumers\/odr\/<\/a>. Wir sind nicht bereit und nicht verpflichtet an einem Streitbeilegungsverfahren vor einer Verbraucherschlichtungsstelle teilzunehmen.<\/p>\n<\/div>\n<p>[\/et_pb_text][\/et_pb_column][\/et_pb_row][\/et_pb_section]<\/p>\n","protected":false},"excerpt":{"rendered":"<p>[et_pb_section fb_built=&#8220;1&#8243; _builder_version=&#8220;4.9.1&#8243; _module_preset=&#8220;default&#8220;][et_pb_row _builder_version=&#8220;4.9.1&#8243; _module_preset=&#8220;default&#8220; hover_enabled=&#8220;0&#8243; sticky_enabled=&#8220;0&#8243;][et_pb_column type=&#8220;4_4&#8243; _builder_version=&#8220;4.9.1&#8243; _module_preset=&#8220;default&#8220;][et_pb_text _builder_version=&#8220;4.9.1&#8243; _module_preset=&#8220;default&#8220; hover_enabled=&#8220;0&#8243; text_font=&#8220;Lato||||||||&#8220; sticky_enabled=&#8220;0&#8243;] Impressum Patric ZeierInhaber des Unternehmens: Patric ZeierFriedrichstra\u00dfe 2180801 M\u00fcnchenDeutschlandE-Mail-Adresse: info@patriczeier.deTelefonnummer: +49 (0) 15142656362 Verantwortlich f\u00fcr den Inhalt: Patric Zeier Plattform der Europ\u00e4ischen Kommission zur Online-Streitbeilegung (OS) f\u00fcr Verbraucher: https:\/\/ec.europa.eu\/consumers\/odr\/. Wir sind nicht bereit und nicht verpflichtet an einem Streitbeilegungsverfahren [&hellip;]<\/p>\n","protected":false},"author":1,"featured_media":0,"parent":0,"menu_order":0,"comment_status":"closed","ping_status":"closed","template":"","meta":{"_et_pb_use_builder":"on","_et_pb_old_content":"","_et_gb_content_width":""},"_links":{"self":[{"href":"https:\/\/patriczeier.de\/index.php?rest_route=\/wp\/v2\/pages\/343"}],"collection":[{"href":"https:\/\/patriczeier.de\/index.php?rest_route=\/wp\/v2\/pages"}],"about":[{"href":"https:\/\/patriczeier.de\/index.php?rest_route=\/wp\/v2\/types\/page"}],"author":[{"embeddable":true,"href":"https:\/\/patriczeier.de\/index.php?rest_route=\/wp\/v2\/users\/1"}],"replies":[{"embeddable":true,"href":"https:\/\/patriczeier.de\/index.php?rest_route=%2Fwp%2Fv2%2Fcomments&post=343"}],"version-history":[{"count":3,"href":"https:\/\/patriczeier.de\/index.php?rest_route=\/wp\/v2\/pages\/343\/revisions"}],"predecessor-version":[{"id":349,"href":"https:\/\/patriczeier.de\/index.php?rest_route=\/wp\/v2\/pages\/343\/revisions\/349"}],"wp:attachment":[{"href":"https:\/\/patriczeier.de\/index.php?rest_route=%2Fwp%2Fv2%2Fmedia&parent=343"}],"curies":[{"name":"wp","href":"https:\/\/api.w.org\/{rel}","templated":true}]}}